{"id":14,"date":"2025-06-11T14:54:46","date_gmt":"2025-06-11T14:54:46","guid":{"rendered":"https:\/\/www.ypsilonoeno.com\/\/?page_id=14"},"modified":"2025-07-24T15:14:12","modified_gmt":"2025-07-24T15:14:12","slug":"produtos","status":"publish","type":"page","link":"https:\/\/www.ypsilonoeno.com\/pt-pt\/produtos\/","title":{"rendered":"Produtos"},"content":{"rendered":"\n<h4 class=\"wp-block-heading\"><strong><mark style=\"background-color:rgba(0, 0, 0, 0)\" class=\"has-inline-color has-light-green-cyan-color\">A enologia que voc\u00ea procura: solu\u00e7\u00f5es \u00e0 medida<\/mark><\/strong><\/h4>\n\n\n\n<p>Descubra a nossa gama de produtos, selecionada com rigor, tendo como prioridade a inova\u00e7\u00e3o, a efic\u00e1cia e a consist\u00eancia, de alto valor agregado, sempre com um excelente equil\u00edbrio entre qualidade e pre\u00e7o.<\/p>\n","protected":false},"excerpt":{"rendered":"<p>A enologia que voc\u00ea procura: solu\u00e7\u00f5es \u00e0 medida Descubra a nossa gama de produtos, selecionada com rigor, tendo como prioridade a inova\u00e7\u00e3o, a efic\u00e1cia e a consist\u00eancia, de alto valor agregado, sempre com um excelente equil\u00edbrio entre qualidade e pre\u00e7o.<\/p>\n","protected":false},"author":1,"featured_media":0,"parent":0,"menu_order":0,"comment_status":"closed","ping_status":"closed","template":"page-products.php","meta":{"_acf_changed":false,"inline_featured_image":false,"footnotes":""},"class_list":["post-14","page","type-page","status-publish","hentry"],"acf":[],"aioseo_notices":[],"_links":{"self":[{"href":"https:\/\/www.ypsilonoeno.com\/pt-pt\/wp-json\/wp\/v2\/pages\/14","targetHints":{"allow":["GET"]}}],"collection":[{"href":"https:\/\/www.ypsilonoeno.com\/pt-pt\/wp-json\/wp\/v2\/pages"}],"about":[{"href":"https:\/\/www.ypsilonoeno.com\/pt-pt\/wp-json\/wp\/v2\/types\/page"}],"author":[{"embeddable":true,"href":"https:\/\/www.ypsilonoeno.com\/pt-pt\/wp-json\/wp\/v2\/users\/1"}],"replies":[{"embeddable":true,"href":"https:\/\/www.ypsilonoeno.com\/pt-pt\/wp-json\/wp\/v2\/comments?post=14"}],"version-history":[{"count":6,"href":"https:\/\/www.ypsilonoeno.com\/pt-pt\/wp-json\/wp\/v2\/pages\/14\/revisions"}],"predecessor-version":[{"id":96,"href":"https:\/\/www.ypsilonoeno.com\/pt-pt\/wp-json\/wp\/v2\/pages\/14\/revisions\/96"}],"wp:attachment":[{"href":"https:\/\/www.ypsilonoeno.com\/pt-pt\/wp-json\/wp\/v2\/media?parent=14"}],"curies":[{"name":"wp","href":"https:\/\/api.w.org\/{rel}","templated":true}]}}